{"id":133,"date":"2023-08-29T11:52:04","date_gmt":"2023-08-29T11:52:04","guid":{"rendered":"https:\/\/calibre-cigars.ch\/?page_id=133"},"modified":"2025-01-22T17:11:39","modified_gmt":"2025-01-22T16:11:39","slug":"notre-histoire","status":"publish","type":"page","link":"https:\/\/calibrecigars.com\/en\/notre-histoire\/","title":{"rendered":"Our history"},"content":{"rendered":"<div data-elementor-type=\"wp-page\" data-elementor-id=\"133\" class=\"elementor elementor-133\" data-elementor-post-type=\"page\">\n\t\t\t\t\t\t<section class=\"elementor-section elementor-top-section elementor-element elementor-element-75f74d70 elementor-section-height-min-height elementor-section-full_width elementor-section-height-default elementor-section-items-middle\" data-id=\"75f74d70\" data-element_type=\"section\" data-e-type=\"section\" data-settings=\"{&quot;background_background&quot;:&quot;classic&quot;}\">\n\t\t\t\t\t\t\t<div class=\"elementor-background-overlay\"><\/div>\n\t\t\t\t\t\t\t<div class=\"elementor-container elementor-column-gap-default\">\n\t\t\t\t\t<div class=\"elementor-column elementor-col-100 elementor-top-column elementor-element elementor-element-36649ade\" data-id=\"36649ade\" data-element_type=\"column\" data-e-type=\"column\">\n\t\t\t<div class=\"elementor-widget-wrap elementor-element-populated\">\n\t\t\t\t\t\t<div class=\"elementor-element elementor-element-30656b7b elementor-widget elementor-widget-heading\" data-id=\"30656b7b\" data-element_type=\"widget\" data-e-type=\"widget\" data-widget_type=\"heading.default\">\n\t\t\t\t<div class=\"elementor-widget-container\">\n\t\t\t\t\t<p class=\"elementor-heading-title elementor-size-default\">GAUGE<\/p>\t\t\t\t<\/div>\n\t\t\t\t<\/div>\n\t\t\t\t<div class=\"elementor-element elementor-element-7f76ae9c elementor-widget elementor-widget-heading\" data-id=\"7f76ae9c\" data-element_type=\"widget\" data-e-type=\"widget\" data-widget_type=\"heading.default\">\n\t\t\t\t<div class=\"elementor-widget-container\">\n\t\t\t\t\t<h1 class=\"elementor-heading-title elementor-size-default\">OUR HISTORY<\/h1>\t\t\t\t<\/div>\n\t\t\t\t<\/div>\n\t\t\t\t<div class=\"elementor-element elementor-element-7d70d1c1 elementor-widget__width-initial elementor-widget elementor-widget-text-editor\" data-id=\"7d70d1c1\" data-element_type=\"widget\" data-e-type=\"widget\" data-widget_type=\"text-editor.default\">\n\t\t\t\t<div class=\"elementor-widget-container\">\n\t\t\t\t\t\t\t\t\t<p>The adventure <em>Calibre, Geneva<\/em> began in 2017, yet the collaboration between the brand's two founders, Maurice Koks and Alexis Aazam Zanganeh, dates back a decade earlier, when they met in the Dominican Republic in 2008. Tobacco Master Blender for the former, a well-known figure in the cigar world for the latter, their meeting in Santiago de Los Caballeros, over a glass of rum at the Hotel Hodelpa Gran Almirante, marked the beginning of a most obvious friendship that continues to prove today to be the greatest asset in their professional adventure.<\/p>\t\t\t\t\t\t\t\t<\/div>\n\t\t\t\t<\/div>\n\t\t\t\t\t<\/div>\n\t\t<\/div>\n\t\t\t\t\t<\/div>\n\t\t<\/section>\n\t\t\t\t<section class=\"elementor-section elementor-top-section elementor-element elementor-element-675b1efd elementor-section-boxed elementor-section-height-default elementor-section-height-default\" data-id=\"675b1efd\" data-element_type=\"section\" data-e-type=\"section\" data-settings=\"{&quot;background_background&quot;:&quot;classic&quot;}\">\n\t\t\t\t\t\t<div class=\"elementor-container elementor-column-gap-wide\">\n\t\t\t\t\t<div class=\"elementor-column elementor-col-50 elementor-top-column elementor-element elementor-element-e29195b\" data-id=\"e29195b\" data-element_type=\"column\" data-e-type=\"column\">\n\t\t\t<div class=\"elementor-widget-wrap elementor-element-populated\">\n\t\t\t\t\t\t<div class=\"elementor-element elementor-element-1ca48acf elementor-widget elementor-widget-text-editor\" data-id=\"1ca48acf\" data-element_type=\"widget\" data-e-type=\"widget\" data-widget_type=\"text-editor.default\">\n\t\t\t\t<div class=\"elementor-widget-container\">\n\t\t\t\t\t\t\t\t\t<p>Both immersed in the world of cigars from an early age, their understanding was obvious and unquestionable.\u00a0<\/p>\t\t\t\t\t\t\t\t<\/div>\n\t\t\t\t<\/div>\n\t\t\t\t<div class=\"elementor-element elementor-element-13eae0c1 elementor-widget elementor-widget-heading\" data-id=\"13eae0c1\" data-element_type=\"widget\" data-e-type=\"widget\" data-widget_type=\"heading.default\">\n\t\t\t\t<div class=\"elementor-widget-container\">\n\t\t\t\t\t<h2 class=\"elementor-heading-title elementor-size-default\">Know-how<\/h2>\t\t\t\t<\/div>\n\t\t\t\t<\/div>\n\t\t\t\t<div class=\"elementor-element elementor-element-556efb4 elementor-widget elementor-widget-text-editor\" data-id=\"556efb4\" data-element_type=\"widget\" data-e-type=\"widget\" data-widget_type=\"text-editor.default\">\n\t\t\t\t<div class=\"elementor-widget-container\">\n\t\t\t\t\t\t\t\t\t<p>Maurice Koks, aka Big Mo, has an impressive knowledge of blending, which makes his profile particularly attractive to the largest and most prestigious Dominican cigar manufacturers. With his well-executed workmanship and perfect mastery of the art of blending, he is quickly becoming a sought-after talent. It wasn't long before he set up his own business, in demand worldwide for his exceptional skills.<\/p>\t\t\t\t\t\t\t\t<\/div>\n\t\t\t\t<\/div>\n\t\t\t\t<div class=\"elementor-element elementor-element-7c34d4ce elementor-widget elementor-widget-heading\" data-id=\"7c34d4ce\" data-element_type=\"widget\" data-e-type=\"widget\" data-widget_type=\"heading.default\">\n\t\t\t\t<div class=\"elementor-widget-container\">\n\t\t\t\t\t<h2 class=\"elementor-heading-title elementor-size-default\">Experience in the cigar market<\/h2>\t\t\t\t<\/div>\n\t\t\t\t<\/div>\n\t\t\t\t<div class=\"elementor-element elementor-element-440fa730 elementor-widget elementor-widget-text-editor\" data-id=\"440fa730\" data-element_type=\"widget\" data-e-type=\"widget\" data-widget_type=\"text-editor.default\">\n\t\t\t\t<div class=\"elementor-widget-container\">\n\t\t\t\t\t\t\t\t\t<p>Alexis Aazam Zanganeh's Swiss-based family business has been providing customers with an exclusive selection of prestige cigars from around the world for over forty-five years. Owner of two emblematic boutiques, Tabac La Couronne SA and La Casa Del Habano - Nyon. He is the Swiss specialist in the sale of premium cigars in over forty countries worldwide.<\/p>\t\t\t\t\t\t\t\t<\/div>\n\t\t\t\t<\/div>\n\t\t\t\t\t<\/div>\n\t\t<\/div>\n\t\t\t\t<div class=\"elementor-column elementor-col-50 elementor-top-column elementor-element elementor-element-26d480df\" data-id=\"26d480df\" data-element_type=\"column\" data-e-type=\"column\">\n\t\t\t<div class=\"elementor-widget-wrap elementor-element-populated\">\n\t\t\t\t\t\t<div class=\"elementor-element elementor-element-2f2305f5 elementor-widget elementor-widget-heading\" data-id=\"2f2305f5\" data-element_type=\"widget\" data-e-type=\"widget\" data-widget_type=\"heading.default\">\n\t\t\t\t<div class=\"elementor-widget-container\">\n\t\t\t\t\t<p class=\"elementor-heading-title elementor-size-default\">caliber, geneva<\/p>\t\t\t\t<\/div>\n\t\t\t\t<\/div>\n\t\t\t\t<div class=\"elementor-element elementor-element-305fe58d elementor-widget elementor-widget-heading\" data-id=\"305fe58d\" data-element_type=\"widget\" data-e-type=\"widget\" data-widget_type=\"heading.default\">\n\t\t\t\t<div class=\"elementor-widget-container\">\n\t\t\t\t\t<h2 class=\"elementor-heading-title elementor-size-default\">\"We live and breathe tobacco every day; it's in our minds, in our dreams.  With tobacco, anything is possible.\"<\/h2>\t\t\t\t<\/div>\n\t\t\t\t<\/div>\n\t\t\t\t\t<\/div>\n\t\t<\/div>\n\t\t\t\t\t<\/div>\n\t\t<\/section>\n\t\t\t\t<section class=\"elementor-section elementor-top-section elementor-element elementor-element-145310ec elementor-section-boxed elementor-section-height-default elementor-section-height-default\" data-id=\"145310ec\" data-element_type=\"section\" data-e-type=\"section\" data-settings=\"{&quot;background_background&quot;:&quot;classic&quot;}\">\n\t\t\t\t\t\t<div class=\"elementor-container elementor-column-gap-wider\">\n\t\t\t\t\t<div class=\"elementor-column elementor-col-50 elementor-top-column elementor-element elementor-element-2eb86199\" data-id=\"2eb86199\" data-element_type=\"column\" data-e-type=\"column\" data-settings=\"{&quot;background_background&quot;:&quot;classic&quot;}\">\n\t\t\t<div class=\"elementor-widget-wrap elementor-element-populated\">\n\t\t\t\t\t<div class=\"elementor-background-overlay\"><\/div>\n\t\t\t\t\t\t<div class=\"elementor-element elementor-element-6e604ade elementor-widget elementor-widget-spacer\" data-id=\"6e604ade\" data-element_type=\"widget\" data-e-type=\"widget\" data-widget_type=\"spacer.default\">\n\t\t\t\t<div class=\"elementor-widget-container\">\n\t\t\t\t\t\t\t<div class=\"elementor-spacer\">\n\t\t\t<div class=\"elementor-spacer-inner\"><\/div>\n\t\t<\/div>\n\t\t\t\t\t\t<\/div>\n\t\t\t\t<\/div>\n\t\t\t\t\t<\/div>\n\t\t<\/div>\n\t\t\t\t<div class=\"elementor-column elementor-col-50 elementor-top-column elementor-element elementor-element-48225938\" data-id=\"48225938\" data-element_type=\"column\" data-e-type=\"column\" data-settings=\"{&quot;background_background&quot;:&quot;classic&quot;}\">\n\t\t\t<div class=\"elementor-widget-wrap elementor-element-populated\">\n\t\t\t\t\t\t<div class=\"elementor-element elementor-element-1c04d1c2 elementor-widget elementor-widget-heading\" data-id=\"1c04d1c2\" data-element_type=\"widget\" data-e-type=\"widget\" data-widget_type=\"heading.default\">\n\t\t\t\t<div class=\"elementor-widget-container\">\n\t\t\t\t\t<p class=\"elementor-heading-title elementor-size-default\">a HISTORIC partnership<\/p>\t\t\t\t<\/div>\n\t\t\t\t<\/div>\n\t\t\t\t<div class=\"elementor-element elementor-element-4fb3bc7d elementor-widget elementor-widget-text-editor\" data-id=\"4fb3bc7d\" data-element_type=\"widget\" data-e-type=\"widget\" data-widget_type=\"text-editor.default\">\n\t\t\t\t<div class=\"elementor-widget-container\">\n\t\t\t\t\t\t\t\t\t<p>After launching their \"boutique brands\" - La Couronne Private Blend and La Couronne Reserva Privada - the two cigar specialists saw the potential for a broader, innovative and prestigious brand.\u00a0<\/p><p>And so, after more than ten years of fruitful collaborations, they join forces once again to create together <i>Calibre, Geneva<\/i>The Medio Tiempo brand is emblematic for its range of module sizes, and its blend is built around the renowned Medio Tiempo and Pig Tail finish.<\/p>\t\t\t\t\t\t\t\t<\/div>\n\t\t\t\t<\/div>\n\t\t\t\t<div class=\"elementor-element elementor-element-2e05da38 elementor-widget elementor-widget-heading\" data-id=\"2e05da38\" data-element_type=\"widget\" data-e-type=\"widget\" data-widget_type=\"heading.default\">\n\t\t\t\t<div class=\"elementor-widget-container\">\n\t\t\t\t\t<p class=\"elementor-heading-title elementor-size-default\">the birth of calibre<\/p>\t\t\t\t<\/div>\n\t\t\t\t<\/div>\n\t\t\t\t<div class=\"elementor-element elementor-element-cc38a40 elementor-widget elementor-widget-text-editor\" data-id=\"cc38a40\" data-element_type=\"widget\" data-e-type=\"widget\" data-widget_type=\"text-editor.default\">\n\t\t\t\t<div class=\"elementor-widget-container\">\n\t\t\t\t\t\t\t\t\t<p><em>Calibre, Geneva<\/em> was born in 2017, after two years of intense reflection. This new cigar brand from the Dominican Republic is as bold as it is humbly respectful of the great tradition of hecho a mano rolled cigars.&nbsp;<\/p>\n<p>In order to maintain rigorous control over all stages of creation, the brand confines itself to a limited, intelligently thought-out annual production run.<\/p>\t\t\t\t\t\t\t\t<\/div>\n\t\t\t\t<\/div>\n\t\t\t\t\t<\/div>\n\t\t<\/div>\n\t\t\t\t\t<\/div>\n\t\t<\/section>\n\t\t\t\t<section class=\"elementor-section elementor-top-section elementor-element elementor-element-1ba5bd48 elementor-section-content-middle elementor-section-boxed elementor-section-height-default elementor-section-height-default\" data-id=\"1ba5bd48\" data-element_type=\"section\" data-e-type=\"section\">\n\t\t\t\t\t\t<div class=\"elementor-container elementor-column-gap-no\">\n\t\t\t\t\t<div class=\"elementor-column elementor-col-50 elementor-top-column elementor-element elementor-element-6390b6e\" data-id=\"6390b6e\" data-element_type=\"column\" data-e-type=\"column\" data-settings=\"{&quot;background_background&quot;:&quot;classic&quot;}\">\n\t\t\t<div class=\"elementor-widget-wrap elementor-element-populated\">\n\t\t\t\t\t<div class=\"elementor-background-overlay\"><\/div>\n\t\t\t\t\t\t<div class=\"elementor-element elementor-element-3dfe7927 elementor-widget elementor-widget-spacer\" data-id=\"3dfe7927\" data-element_type=\"widget\" data-e-type=\"widget\" data-widget_type=\"spacer.default\">\n\t\t\t\t<div class=\"elementor-widget-container\">\n\t\t\t\t\t\t\t<div class=\"elementor-spacer\">\n\t\t\t<div class=\"elementor-spacer-inner\"><\/div>\n\t\t<\/div>\n\t\t\t\t\t\t<\/div>\n\t\t\t\t<\/div>\n\t\t\t\t\t<\/div>\n\t\t<\/div>\n\t\t\t\t<div class=\"elementor-column elementor-col-50 elementor-top-column elementor-element elementor-element-172912a3\" data-id=\"172912a3\" data-element_type=\"column\" data-e-type=\"column\" data-settings=\"{&quot;background_background&quot;:&quot;classic&quot;}\">\n\t\t\t<div class=\"elementor-widget-wrap elementor-element-populated\">\n\t\t\t\t\t\t<div class=\"elementor-element elementor-element-18e0a755 elementor-widget elementor-widget-heading\" data-id=\"18e0a755\" data-element_type=\"widget\" data-e-type=\"widget\" data-widget_type=\"heading.default\">\n\t\t\t\t<div class=\"elementor-widget-container\">\n\t\t\t\t\t<p class=\"elementor-heading-title elementor-size-default\">founder<\/p>\t\t\t\t<\/div>\n\t\t\t\t<\/div>\n\t\t\t\t<div class=\"elementor-element elementor-element-3a2104ad elementor-widget elementor-widget-heading\" data-id=\"3a2104ad\" data-element_type=\"widget\" data-e-type=\"widget\" data-widget_type=\"heading.default\">\n\t\t\t\t<div class=\"elementor-widget-container\">\n\t\t\t\t\t<h2 class=\"elementor-heading-title elementor-size-default\">Maurice Koks<\/h2>\t\t\t\t<\/div>\n\t\t\t\t<\/div>\n\t\t\t\t<div class=\"elementor-element elementor-element-7d59ce7b elementor-widget elementor-widget-text-editor\" data-id=\"7d59ce7b\" data-element_type=\"widget\" data-e-type=\"widget\" data-widget_type=\"text-editor.default\">\n\t\t\t\t<div class=\"elementor-widget-container\">\n\t\t\t\t\t\t\t\t\t<p class=\"MsoNormal\" style=\"margin: 0cm; font-size: 12pt; font-family: Calibri, sans-serif; text-align: justify;\"><span style=\"font-family: 'Times New Roman', serif;\">Maurice Koks, a 50-year-old Dutchman, is the founder of Intercigar SA, a premium cigar manufacturer based in the Dominican Republic. Living in Santiago de los Caballeros, he is a Tobacco Master Blender, which means he selects and blends the finest tobaccos to create handmade premium cigars. He is particularly fond of fine dining, wine and classic cars. He sees <i>Calibre, Geneva<\/i> the culmination of several years of fruitful collaboration with Alexis Aazam Zanganeh. Calibre is the realization of a dream.<i><\/i><\/span><\/p>\t\t\t\t\t\t\t\t<\/div>\n\t\t\t\t<\/div>\n\t\t\t\t\t<\/div>\n\t\t<\/div>\n\t\t\t\t\t<\/div>\n\t\t<\/section>\n\t\t\t\t<section class=\"elementor-section elementor-top-section elementor-element elementor-element-64f153e elementor-section-content-middle elementor-reverse-mobile elementor-section-boxed elementor-section-height-default elementor-section-height-default\" data-id=\"64f153e\" data-element_type=\"section\" data-e-type=\"section\">\n\t\t\t\t\t\t<div class=\"elementor-container elementor-column-gap-no\">\n\t\t\t\t\t<div class=\"elementor-column elementor-col-50 elementor-top-column elementor-element elementor-element-9e68516\" data-id=\"9e68516\" data-element_type=\"column\" data-e-type=\"column\" data-settings=\"{&quot;background_background&quot;:&quot;classic&quot;}\">\n\t\t\t<div class=\"elementor-widget-wrap elementor-element-populated\">\n\t\t\t\t\t\t<div class=\"elementor-element elementor-element-6cfe2ee elementor-widget elementor-widget-heading\" data-id=\"6cfe2ee\" data-element_type=\"widget\" data-e-type=\"widget\" data-widget_type=\"heading.default\">\n\t\t\t\t<div class=\"elementor-widget-container\">\n\t\t\t\t\t<p class=\"elementor-heading-title elementor-size-default\">FOUNDER<\/p>\t\t\t\t<\/div>\n\t\t\t\t<\/div>\n\t\t\t\t<div class=\"elementor-element elementor-element-11449dca elementor-widget elementor-widget-heading\" data-id=\"11449dca\" data-element_type=\"widget\" data-e-type=\"widget\" data-widget_type=\"heading.default\">\n\t\t\t\t<div class=\"elementor-widget-container\">\n\t\t\t\t\t<h2 class=\"elementor-heading-title elementor-size-default\">Alexis Aazam Zanganeh<\/h2>\t\t\t\t<\/div>\n\t\t\t\t<\/div>\n\t\t\t\t<div class=\"elementor-element elementor-element-6c39d116 elementor-widget elementor-widget-text-editor\" data-id=\"6c39d116\" data-element_type=\"widget\" data-e-type=\"widget\" data-widget_type=\"text-editor.default\">\n\t\t\t\t<div class=\"elementor-widget-container\">\n\t\t\t\t\t\t\t\t\t<p style=\"margin: 0cm; font-size: 12pt; font-family: Calibri, sans-serif; text-align: justify;\"><span style=\"font-family: 'Times New Roman', serif;\">Alexis Aazam Zanganeh, a 50-year-old Swiss-Iranian, took over the Nyon-based family business from his parents 26 years ago. Over the past twenty years, Alexis has built up a group of companies that today makes La Couronne SA a benchmark in Switzerland and internationally. The 100% family-run group owns several tobacco and premium cigar operations. For La Couronne, the recent addition of La Casa Del Habano is the fulfillment of the family's quest - based on strong values and a passion for cigars - to offer customers a 360\u00b0 cigar experience.\u00a0<\/span><span style=\"font-weight: var( --e-global-typography-text-font-weight ); font-family: 'Times New Roman', serif;\">\u00a0He sees\u00a0<\/span><i style=\"font-weight: var( --e-global-typography-text-font-weight ); font-family: 'Times New Roman', serif;\">Calibre, Geneva<\/i><span style=\"font-weight: var( --e-global-typography-text-font-weight ); font-family: 'Times New Roman', serif;\">\u00a0the culmination of several years of fruitful collaboration with Maurice Koks. Calibre is the realization of a dream.<\/span><\/p>\t\t\t\t\t\t\t\t<\/div>\n\t\t\t\t<\/div>\n\t\t\t\t\t<\/div>\n\t\t<\/div>\n\t\t\t\t<div class=\"elementor-column elementor-col-50 elementor-top-column elementor-element elementor-element-498ec1a7\" data-id=\"498ec1a7\" data-element_type=\"column\" data-e-type=\"column\" data-settings=\"{&quot;background_background&quot;:&quot;classic&quot;}\">\n\t\t\t<div class=\"elementor-widget-wrap elementor-element-populated\">\n\t\t\t\t\t<div class=\"elementor-background-overlay\"><\/div>\n\t\t\t\t\t\t<div class=\"elementor-element elementor-element-4e0104fb elementor-widget elementor-widget-spacer\" data-id=\"4e0104fb\" data-element_type=\"widget\" data-e-type=\"widget\" data-widget_type=\"spacer.default\">\n\t\t\t\t<div class=\"elementor-widget-container\">\n\t\t\t\t\t\t\t<div class=\"elementor-spacer\">\n\t\t\t<div class=\"elementor-spacer-inner\"><\/div>\n\t\t<\/div>\n\t\t\t\t\t\t<\/div>\n\t\t\t\t<\/div>\n\t\t\t\t\t<\/div>\n\t\t<\/div>\n\t\t\t\t\t<\/div>\n\t\t<\/section>\n\t\t\t\t<\/div>","protected":false},"excerpt":{"rendered":"<p>CALIBRE NOTRE HISTOIRE L\u2019aventure Calibre, Gen\u00e8ve a d\u00e9but\u00e9 en 2017, n\u00e9anmoins la collaboration entre les deux fondateurs de la marque, Maurice Koks et Alexis Aazam Zanganeh, remonte \u00e0 une d\u00e9cennie plus t\u00f4t, lorsqu\u2019ils se rencontr\u00e8rent en R\u00e9publique dominicaine en 2008. Tobacco Master Blender pour le premier, figure reconnue dans le milieu du cigare pour le [&hellip;]<\/p>\n","protected":false},"author":2,"featured_media":0,"parent":0,"menu_order":0,"comment_status":"closed","ping_status":"closed","template":"","meta":{"_acf_changed":false,"footnotes":""},"class_list":["post-133","page","type-page","status-publish","hentry"],"acf":[],"yoast_head":"<!-- This site is optimized with the Yoast SEO plugin v27.0 - https:\/\/yoast.com\/product\/yoast-seo-wordpress\/ -->\n<title>Notre Histoire - Calibre Cigars<\/title>\n<meta name=\"robots\" content=\"index, follow, max-snippet:-1, max-image-preview:large, max-video-preview:-1\" \/>\n<link rel=\"canonical\" href=\"https:\/\/calibrecigars.com\/en\/notre-histoire\/\" \/>\n<meta property=\"og:locale\" content=\"en_US\" \/>\n<meta property=\"og:type\" content=\"article\" \/>\n<meta property=\"og:title\" content=\"Notre Histoire - Calibre Cigars\" \/>\n<meta property=\"og:description\" content=\"CALIBRE NOTRE HISTOIRE L\u2019aventure Calibre, Gen\u00e8ve a d\u00e9but\u00e9 en 2017, n\u00e9anmoins la collaboration entre les deux fondateurs de la marque, Maurice Koks et Alexis Aazam Zanganeh, remonte \u00e0 une d\u00e9cennie plus t\u00f4t, lorsqu\u2019ils se rencontr\u00e8rent en R\u00e9publique dominicaine en 2008. Tobacco Master Blender pour le premier, figure reconnue dans le milieu du cigare pour le [&hellip;]\" \/>\n<meta property=\"og:url\" content=\"https:\/\/calibrecigars.com\/en\/notre-histoire\/\" \/>\n<meta property=\"og:site_name\" content=\"Calibre Cigars\" \/>\n<meta property=\"article:modified_time\" content=\"2025-01-22T16:11:39+00:00\" \/>\n<meta name=\"twitter:card\" content=\"summary_large_image\" \/>\n<meta name=\"twitter:label1\" content=\"Est. reading time\" \/>\n\t<meta name=\"twitter:data1\" content=\"4 minutes\" \/>\n<script type=\"application\/ld+json\" class=\"yoast-schema-graph\">{\"@context\":\"https:\/\/schema.org\",\"@graph\":[{\"@type\":\"WebPage\",\"@id\":\"https:\/\/calibrecigars.com\/notre-histoire\/\",\"url\":\"https:\/\/calibrecigars.com\/notre-histoire\/\",\"name\":\"Notre Histoire - Calibre Cigars\",\"isPartOf\":{\"@id\":\"https:\/\/calibrecigars.com\/#website\"},\"datePublished\":\"2023-08-29T11:52:04+00:00\",\"dateModified\":\"2025-01-22T16:11:39+00:00\",\"breadcrumb\":{\"@id\":\"https:\/\/calibrecigars.com\/notre-histoire\/#breadcrumb\"},\"inLanguage\":\"en-US\",\"potentialAction\":[{\"@type\":\"ReadAction\",\"target\":[\"https:\/\/calibrecigars.com\/notre-histoire\/\"]}]},{\"@type\":\"BreadcrumbList\",\"@id\":\"https:\/\/calibrecigars.com\/notre-histoire\/#breadcrumb\",\"itemListElement\":[{\"@type\":\"ListItem\",\"position\":1,\"name\":\"Home\",\"item\":\"https:\/\/calibrecigars.com\/\"},{\"@type\":\"ListItem\",\"position\":2,\"name\":\"Notre Histoire\"}]},{\"@type\":\"WebSite\",\"@id\":\"https:\/\/calibrecigars.com\/#website\",\"url\":\"https:\/\/calibrecigars.com\/\",\"name\":\"Calibre Cigars\",\"description\":\"\",\"potentialAction\":[{\"@type\":\"SearchAction\",\"target\":{\"@type\":\"EntryPoint\",\"urlTemplate\":\"https:\/\/calibrecigars.com\/?s={search_term_string}\"},\"query-input\":{\"@type\":\"PropertyValueSpecification\",\"valueRequired\":true,\"valueName\":\"search_term_string\"}}],\"inLanguage\":\"en-US\"}]}<\/script>\n<!-- \/ Yoast SEO plugin. -->","yoast_head_json":{"title":"Our Story - Calibre Cigars","robots":{"index":"index","follow":"follow","max-snippet":"max-snippet:-1","max-image-preview":"max-image-preview:large","max-video-preview":"max-video-preview:-1"},"canonical":"https:\/\/calibrecigars.com\/en\/notre-histoire\/","og_locale":"en_US","og_type":"article","og_title":"Notre Histoire - Calibre Cigars","og_description":"CALIBRE NOTRE HISTOIRE L\u2019aventure Calibre, Gen\u00e8ve a d\u00e9but\u00e9 en 2017, n\u00e9anmoins la collaboration entre les deux fondateurs de la marque, Maurice Koks et Alexis Aazam Zanganeh, remonte \u00e0 une d\u00e9cennie plus t\u00f4t, lorsqu\u2019ils se rencontr\u00e8rent en R\u00e9publique dominicaine en 2008. Tobacco Master Blender pour le premier, figure reconnue dans le milieu du cigare pour le [&hellip;]","og_url":"https:\/\/calibrecigars.com\/en\/notre-histoire\/","og_site_name":"Calibre Cigars","article_modified_time":"2025-01-22T16:11:39+00:00","twitter_card":"summary_large_image","twitter_misc":{"Est. reading time":"4 minutes"},"schema":{"@context":"https:\/\/schema.org","@graph":[{"@type":"WebPage","@id":"https:\/\/calibrecigars.com\/notre-histoire\/","url":"https:\/\/calibrecigars.com\/notre-histoire\/","name":"Our Story - Calibre Cigars","isPartOf":{"@id":"https:\/\/calibrecigars.com\/#website"},"datePublished":"2023-08-29T11:52:04+00:00","dateModified":"2025-01-22T16:11:39+00:00","breadcrumb":{"@id":"https:\/\/calibrecigars.com\/notre-histoire\/#breadcrumb"},"inLanguage":"en-US","potentialAction":[{"@type":"ReadAction","target":["https:\/\/calibrecigars.com\/notre-histoire\/"]}]},{"@type":"BreadcrumbList","@id":"https:\/\/calibrecigars.com\/notre-histoire\/#breadcrumb","itemListElement":[{"@type":"ListItem","position":1,"name":"Home","item":"https:\/\/calibrecigars.com\/"},{"@type":"ListItem","position":2,"name":"Notre Histoire"}]},{"@type":"WebSite","@id":"https:\/\/calibrecigars.com\/#website","url":"https:\/\/calibrecigars.com\/","name":"Calibre Cigars","description":"","potentialAction":[{"@type":"SearchAction","target":{"@type":"EntryPoint","urlTemplate":"https:\/\/calibrecigars.com\/?s={search_term_string}"},"query-input":{"@type":"PropertyValueSpecification","valueRequired":true,"valueName":"search_term_string"}}],"inLanguage":"en-US"}]}},"_links":{"self":[{"href":"https:\/\/calibrecigars.com\/en\/wp-json\/wp\/v2\/pages\/133","targetHints":{"allow":["GET"]}}],"collection":[{"href":"https:\/\/calibrecigars.com\/en\/wp-json\/wp\/v2\/pages"}],"about":[{"href":"https:\/\/calibrecigars.com\/en\/wp-json\/wp\/v2\/types\/page"}],"author":[{"embeddable":true,"href":"https:\/\/calibrecigars.com\/en\/wp-json\/wp\/v2\/users\/2"}],"replies":[{"embeddable":true,"href":"https:\/\/calibrecigars.com\/en\/wp-json\/wp\/v2\/comments?post=133"}],"version-history":[{"count":79,"href":"https:\/\/calibrecigars.com\/en\/wp-json\/wp\/v2\/pages\/133\/revisions"}],"predecessor-version":[{"id":1212,"href":"https:\/\/calibrecigars.com\/en\/wp-json\/wp\/v2\/pages\/133\/revisions\/1212"}],"wp:attachment":[{"href":"https:\/\/calibrecigars.com\/en\/wp-json\/wp\/v2\/media?parent=133"}],"curies":[{"name":"wp","href":"https:\/\/api.w.org\/{rel}","templated":true}]}}